
{"id":1768,"date":"2024-10-24T10:05:28","date_gmt":"2024-10-24T01:05:28","guid":{"rendered":"https:\/\/runeseikou.com\/e\/?page_id=1768"},"modified":"2024-10-31T13:11:28","modified_gmt":"2024-10-31T04:11:28","slug":"type-rst","status":"publish","type":"page","link":"https:\/\/runeseikou.com\/e\/?page_id=1768","title":{"rendered":"TYPE RST"},"content":{"rendered":"\t\t<div data-elementor-type=\"wp-page\" data-elementor-id=\"1768\" class=\"elementor elementor-1768\">\n\t\t\t\t\t\t<section class=\"elementor-section elementor-top-section elementor-element elementor-element-58432b1 elementor-section-boxed elementor-section-height-default elementor-section-height-default\" data-id=\"58432b1\" data-element_type=\"section\">\n\t\t\t\t\t\t<div class=\"elementor-container elementor-column-gap-default\">\n\t\t\t\t\t<div class=\"elementor-column elementor-col-100 elementor-top-column elementor-element elementor-element-40965b7\" data-id=\"40965b7\" data-element_type=\"column\">\n\t\t\t<div class=\"elementor-widget-wrap elementor-element-populated\">\n\t\t\t\t\t\t<div class=\"elementor-element elementor-element-d8c742c elementor-widget elementor-widget-video\" data-id=\"d8c742c\" data-element_type=\"widget\" data-settings=\"{&quot;video_type&quot;:&quot;hosted&quot;,&quot;autoplay&quot;:&quot;yes&quot;,&quot;loop&quot;:&quot;yes&quot;,&quot;controls&quot;:&quot;yes&quot;}\" data-widget_type=\"video.default\">\n\t\t\t\t<div class=\"elementor-widget-container\">\n\t\t\t\t\t<div class=\"e-hosted-video elementor-wrapper elementor-open-inline\">\n\t\t\t\t\t<video class=\"elementor-video\" src=\"https:\/\/runeseikou.com\/e\/wp-content\/uploads\/2024\/10\/rst\u8efd\u91cf\u7248.mp4\" autoplay=\"\" loop=\"\" controls=\"\" controlsList=\"nodownload\" poster=\"https:\/\/runeseikou.com\/e\/wp-content\/uploads\/2024\/10\/ensourst.png\"><\/video>\n\t\t\t\t<\/div>\n\t\t\t\t<\/div>\n\t\t\t\t<\/div>\n\t\t\t\t<div class=\"elementor-element elementor-element-afcb1f1 elementor-widget elementor-widget-spacer\" data-id=\"afcb1f1\" data-element_type=\"widget\" data-widget_type=\"spacer.default\">\n\t\t\t\t<div class=\"elementor-widget-container\">\n\t\t\t\t\t<div class=\"elementor-spacer\">\n\t\t\t<div class=\"elementor-spacer-inner\"><\/div>\n\t\t<\/div>\n\t\t\t\t<\/div>\n\t\t\t\t<\/div>\n\t\t\t\t<section class=\"elementor-section elementor-inner-section elementor-element elementor-element-44f445a elementor-section-boxed elementor-section-height-default elementor-section-height-default\" data-id=\"44f445a\" data-element_type=\"section\">\n\t\t\t\t\t\t<div class=\"elementor-container elementor-column-gap-default\">\n\t\t\t\t\t<div class=\"elementor-column elementor-col-50 elementor-inner-column elementor-element elementor-element-441254e\" data-id=\"441254e\" data-element_type=\"column\">\n\t\t\t<div class=\"elementor-widget-wrap elementor-element-populated\">\n\t\t\t\t\t\t<div class=\"elementor-element elementor-element-266c661 elementor-widget elementor-widget-image\" data-id=\"266c661\" data-element_type=\"widget\" data-widget_type=\"image.default\">\n\t\t\t\t<div class=\"elementor-widget-container\">\n\t\t\t\t\t\t\t\t\t\t\t\t\t<img fetchpriority=\"high\" decoding=\"async\" width=\"525\" height=\"525\" src=\"https:\/\/runeseikou.com\/e\/wp-content\/uploads\/2024\/10\/rsdslide-1024x1024.png\" class=\"attachment-large size-large wp-image-2409\" alt=\"\" srcset=\"https:\/\/runeseikou.com\/e\/wp-content\/uploads\/2024\/10\/rsdslide-1024x1024.png 1024w, https:\/\/runeseikou.com\/e\/wp-content\/uploads\/2024\/10\/rsdslide-300x300.png 300w, https:\/\/runeseikou.com\/e\/wp-content\/uploads\/2024\/10\/rsdslide-150x150.png 150w, https:\/\/runeseikou.com\/e\/wp-content\/uploads\/2024\/10\/rsdslide-768x768.png 768w, https:\/\/runeseikou.com\/e\/wp-content\/uploads\/2024\/10\/rsdslide-100x100.png 100w, https:\/\/runeseikou.com\/e\/wp-content\/uploads\/2024\/10\/rsdslide.png 1308w\" sizes=\"100vw\" \/>\t\t\t\t\t\t\t\t\t\t\t\t\t<\/div>\n\t\t\t\t<\/div>\n\t\t\t\t\t<\/div>\n\t\t<\/div>\n\t\t\t\t<div class=\"elementor-column elementor-col-50 elementor-inner-column elementor-element elementor-element-ea5ed71\" data-id=\"ea5ed71\" data-element_type=\"column\">\n\t\t\t<div class=\"elementor-widget-wrap elementor-element-populated\">\n\t\t\t\t\t\t<div class=\"elementor-element elementor-element-cc52776 elementor-widget elementor-widget-text-editor\" data-id=\"cc52776\" data-element_type=\"widget\" data-widget_type=\"text-editor.default\">\n\t\t\t\t<div class=\"elementor-widget-container\">\n\t\t\t\t\t\t\t<h1><p class=\"topmidashib2\">CPMS serias TYPE RST<\/p><\/h1>\t\t\t\t\t\t<\/div>\n\t\t\t\t<\/div>\n\t\t\t\t<div class=\"elementor-element elementor-element-c8f4874 elementor-widget elementor-widget-text-editor\" data-id=\"c8f4874\" data-element_type=\"widget\" data-widget_type=\"text-editor.default\">\n\t\t\t\t<div class=\"elementor-widget-container\">\n\t\t\t\t\t\t\t<p class=\"textb\">You can easily and freely adjust the seat height. <br>With a seat that has moderate cushioning and a large footrest, you can achieve the best playing posture according to various body types and the instruments used.<\/p>\t\t\t\t\t\t<\/div>\n\t\t\t\t<\/div>\n\t\t\t\t\t<\/div>\n\t\t<\/div>\n\t\t\t\t\t<\/div>\n\t\t<\/section>\n\t\t\t\t<div class=\"elementor-element elementor-element-a1f7152 elementor-arrows-position-inside elementor-pagination-position-outside elementor-widget elementor-widget-image-carousel\" data-id=\"a1f7152\" data-element_type=\"widget\" data-settings=\"{&quot;slides_to_show&quot;:&quot;4&quot;,&quot;navigation&quot;:&quot;both&quot;,&quot;autoplay&quot;:&quot;yes&quot;,&quot;pause_on_hover&quot;:&quot;yes&quot;,&quot;pause_on_interaction&quot;:&quot;yes&quot;,&quot;autoplay_speed&quot;:5000,&quot;infinite&quot;:&quot;yes&quot;,&quot;speed&quot;:500}\" data-widget_type=\"image-carousel.default\">\n\t\t\t\t<div class=\"elementor-widget-container\">\n\t\t\t\t\t<div class=\"elementor-image-carousel-wrapper swiper\" dir=\"ltr\">\n\t\t\t<div class=\"elementor-image-carousel swiper-wrapper\" aria-live=\"off\">\n\t\t\t\t\t\t\t\t<div class=\"swiper-slide\" role=\"group\" aria-roledescription=\"slide\" aria-label=\"1 of 10\"><figure class=\"swiper-slide-inner\"><img decoding=\"async\" class=\"swiper-slide-image\" src=\"https:\/\/runeseikou.com\/e\/wp-content\/uploads\/2024\/10\/IMG_7400.png\" alt=\"IMG_7400\" \/><\/figure><\/div><div class=\"swiper-slide\" role=\"group\" aria-roledescription=\"slide\" aria-label=\"2 of 10\"><figure class=\"swiper-slide-inner\"><img decoding=\"async\" class=\"swiper-slide-image\" src=\"https:\/\/runeseikou.com\/e\/wp-content\/uploads\/2024\/10\/RST2.bkpng_.png\" alt=\"RST2.bkpng\" \/><\/figure><\/div><div class=\"swiper-slide\" role=\"group\" aria-roledescription=\"slide\" aria-label=\"3 of 10\"><figure class=\"swiper-slide-inner\"><img decoding=\"async\" class=\"swiper-slide-image\" src=\"https:\/\/runeseikou.com\/e\/wp-content\/uploads\/2024\/10\/rsdslide.png\" alt=\"rsdslide\" \/><\/figure><\/div><div class=\"swiper-slide\" role=\"group\" aria-roledescription=\"slide\" aria-label=\"4 of 10\"><figure class=\"swiper-slide-inner\"><img decoding=\"async\" class=\"swiper-slide-image\" src=\"https:\/\/runeseikou.com\/e\/wp-content\/uploads\/2024\/10\/RST-bk.folding.png\" alt=\"When folded, it is only 10 cm thick.\" \/><\/figure><\/div><div class=\"swiper-slide\" role=\"group\" aria-roledescription=\"slide\" aria-label=\"5 of 10\"><figure class=\"swiper-slide-inner\"><img decoding=\"async\" class=\"swiper-slide-image\" src=\"https:\/\/runeseikou.com\/e\/wp-content\/uploads\/2024\/10\/RSTbk.png\" alt=\"RSTbk\" \/><\/figure><\/div><div class=\"swiper-slide\" role=\"group\" aria-roledescription=\"slide\" aria-label=\"6 of 10\"><figure class=\"swiper-slide-inner\"><img decoding=\"async\" class=\"swiper-slide-image\" src=\"https:\/\/runeseikou.com\/e\/wp-content\/uploads\/2024\/10\/rstbkbuck.png\" alt=\"rstbkbuck\" \/><\/figure><\/div><div class=\"swiper-slide\" role=\"group\" aria-roledescription=\"slide\" aria-label=\"7 of 10\"><figure class=\"swiper-slide-inner\"><img decoding=\"async\" class=\"swiper-slide-image\" src=\"https:\/\/runeseikou.com\/e\/wp-content\/uploads\/2024\/10\/IMG_7426.png\" alt=\"IMG_7426\" \/><\/figure><\/div><div class=\"swiper-slide\" role=\"group\" aria-roledescription=\"slide\" aria-label=\"8 of 10\"><figure class=\"swiper-slide-inner\"><img decoding=\"async\" class=\"swiper-slide-image\" src=\"https:\/\/runeseikou.com\/e\/wp-content\/uploads\/2024\/10\/PXL_20230126_020316178.png\" alt=\"The three-dimensional seat shape makes it less tiring even during long performances.\" \/><\/figure><\/div><div class=\"swiper-slide\" role=\"group\" aria-roledescription=\"slide\" aria-label=\"9 of 10\"><figure class=\"swiper-slide-inner\"><img decoding=\"async\" class=\"swiper-slide-image\" src=\"https:\/\/runeseikou.com\/e\/wp-content\/uploads\/2024\/10\/rstseatback.png\" alt=\"The stoppers on the seat securely fix the frame by clamping it from the front and back using the principle of leverage.\" \/><\/figure><\/div><div class=\"swiper-slide\" role=\"group\" aria-roledescription=\"slide\" aria-label=\"10 of 10\"><figure class=\"swiper-slide-inner\"><img decoding=\"async\" class=\"swiper-slide-image\" src=\"https:\/\/runeseikou.com\/e\/wp-content\/uploads\/2024\/10\/rst_step.png\" alt=\"The step can be folded.\" \/><\/figure><\/div>\t\t\t<\/div>\n\t\t\t\t\t\t\t\t\t\t\t\t<div class=\"elementor-swiper-button elementor-swiper-button-prev\" role=\"button\" tabindex=\"0\">\n\t\t\t\t\t\t<i aria-hidden=\"true\" class=\"eicon-chevron-left\"><\/i>\t\t\t\t\t<\/div>\n\t\t\t\t\t<div class=\"elementor-swiper-button elementor-swiper-button-next\" role=\"button\" tabindex=\"0\">\n\t\t\t\t\t\t<i aria-hidden=\"true\" class=\"eicon-chevron-right\"><\/i>\t\t\t\t\t<\/div>\n\t\t\t\t\n\t\t\t\t\t\t\t\t\t<div class=\"swiper-pagination\"><\/div>\n\t\t\t\t\t\t\t\t\t<\/div>\n\t\t\t\t<\/div>\n\t\t\t\t<\/div>\n\t\t\t\t<div class=\"elementor-element elementor-element-6c01f7f elementor-widget elementor-widget-spacer\" data-id=\"6c01f7f\" data-element_type=\"widget\" data-widget_type=\"spacer.default\">\n\t\t\t\t<div class=\"elementor-widget-container\">\n\t\t\t\t\t<div class=\"elementor-spacer\">\n\t\t\t<div class=\"elementor-spacer-inner\"><\/div>\n\t\t<\/div>\n\t\t\t\t<\/div>\n\t\t\t\t<\/div>\n\t\t\t\t<div class=\"elementor-element elementor-element-7f7869b elementor-widget elementor-widget-text-editor\" data-id=\"7f7869b\" data-element_type=\"widget\" data-widget_type=\"text-editor.default\">\n\t\t\t\t<div class=\"elementor-widget-container\">\n\t\t\t\t\t\t\t<p class=\"textb\"><strong>Dimensions:<\/strong>\u00a0W386\u00d7D500\u00d7H940\u00d7SH470\u2013820\n<br><strong>Folded Dimensions:<\/strong>\u00a0W386\u00d7D90\u00d7H1120\n<br><strong>Material:<\/strong>\u00a0Seat: Vinyl leather, Frame: Steel pipe\n<br><strong>Weight:<\/strong>\u00a05.1 kg\n<br><strong>Quantity:<\/strong>\u00a01 unit per case\n<br><strong>Load Capacity:<\/strong>\u00a0100 kg\n<strong>Other:<\/strong>\u00a0Fully assembled, Made in Japan<\/p>\t\t\t\t\t\t<\/div>\n\t\t\t\t<\/div>\n\t\t\t\t\t<\/div>\n\t\t<\/div>\n\t\t\t\t\t<\/div>\n\t\t<\/section>\n\t\t\t\t<\/div>\n\t\t","protected":false},"excerpt":{"rendered":"<p>https:\/\/runeseikou.com\/e\/wp-content\/uploads\/2024\/10\/rst\u8efd\u91cf\u7248.mp4 CPMS serias TYPE RST You can easily and freely  &hellip; <\/p>\n<p class=\"link-more\"><a href=\"https:\/\/runeseikou.com\/e\/?page_id=1768\" class=\"more-link\"><span class=\"screen-reader-text\">&#8220;TYPE RST&#8221; \u306e<\/span>\u7d9a\u304d\u3092\u8aad\u3080<\/a><\/p>\n","protected":false},"author":1,"featured_media":0,"parent":1514,"menu_order":0,"comment_status":"closed","ping_status":"closed","template":"","meta":{"footnotes":""},"class_list":["post-1768","page","type-page","status-publish","hentry"],"_links":{"self":[{"href":"https:\/\/runeseikou.com\/e\/index.php?rest_route=\/wp\/v2\/pages\/1768","targetHints":{"allow":["GET"]}}],"collection":[{"href":"https:\/\/runeseikou.com\/e\/index.php?rest_route=\/wp\/v2\/pages"}],"about":[{"href":"https:\/\/runeseikou.com\/e\/index.php?rest_route=\/wp\/v2\/types\/page"}],"author":[{"embeddable":true,"href":"https:\/\/runeseikou.com\/e\/index.php?rest_route=\/wp\/v2\/users\/1"}],"replies":[{"embeddable":true,"href":"https:\/\/runeseikou.com\/e\/index.php?rest_route=%2Fwp%2Fv2%2Fcomments&post=1768"}],"version-history":[{"count":10,"href":"https:\/\/runeseikou.com\/e\/index.php?rest_route=\/wp\/v2\/pages\/1768\/revisions"}],"predecessor-version":[{"id":2523,"href":"https:\/\/runeseikou.com\/e\/index.php?rest_route=\/wp\/v2\/pages\/1768\/revisions\/2523"}],"up":[{"embeddable":true,"href":"https:\/\/runeseikou.com\/e\/index.php?rest_route=\/wp\/v2\/pages\/1514"}],"wp:attachment":[{"href":"https:\/\/runeseikou.com\/e\/index.php?rest_route=%2Fwp%2Fv2%2Fmedia&parent=1768"}],"curies":[{"name":"wp","href":"https:\/\/api.w.org\/{rel}","templated":true}]}}