{"id":1225,"date":"2023-10-03T15:18:34","date_gmt":"2023-10-03T06:18:34","guid":{"rendered":"https:\/\/runeseikou.com\/?page_id=1225"},"modified":"2024-11-27T10:18:36","modified_gmt":"2024-11-27T01:18:36","slug":"roc-65w%e3%83%a9%e3%82%a6%e3%83%b3%e3%83%89%e3%82%af%e3%83%83%e3%82%b7%e3%83%a7%e3%83%b3%e3%83%8f%e3%82%a4","status":"publish","type":"page","link":"https:\/\/runeseikou.com\/?page_id=1225","title":{"rendered":"ROC-65W\u30e9\u30a6\u30f3\u30c9\u30af\u30c3\u30b7\u30e7\u30f3\u30cf\u30a4"},"content":{"rendered":"\t\t<div data-elementor-type=\"wp-page\" data-elementor-id=\"1225\" class=\"elementor elementor-1225\">\n\t\t\t\t\t\t\t\t\t<section class=\"elementor-section elementor-top-section elementor-element elementor-element-1af07781 elementor-section-boxed elementor-section-height-default elementor-section-height-default\" data-id=\"1af07781\" data-element_type=\"section\">\n\t\t\t\t\t\t<div class=\"elementor-container elementor-column-gap-default\">\n\t\t\t\t\t<div class=\"elementor-column elementor-col-100 elementor-top-column elementor-element elementor-element-29c03b9d\" data-id=\"29c03b9d\" data-element_type=\"column\">\n\t\t\t<div class=\"elementor-widget-wrap elementor-element-populated\">\n\t\t\t\t\t\t\t\t<section class=\"elementor-section elementor-inner-section elementor-element elementor-element-6f48340 elementor-section-boxed elementor-section-height-default elementor-section-height-default\" data-id=\"6f48340\" data-element_type=\"section\">\n\t\t\t\t\t\t<div class=\"elementor-container elementor-column-gap-default\">\n\t\t\t\t\t<div class=\"elementor-column elementor-col-50 elementor-inner-column elementor-element elementor-element-eeea9b3\" data-id=\"eeea9b3\" data-element_type=\"column\">\n\t\t\t<div class=\"elementor-widget-wrap elementor-element-populated\">\n\t\t\t\t\t\t\t\t<div class=\"elementor-element elementor-element-df8e3f5 elementor-widget elementor-widget-image\" data-id=\"df8e3f5\" data-element_type=\"widget\" data-widget_type=\"image.default\">\n\t\t\t\t<div class=\"elementor-widget-container\">\n\t\t\t\t\t\t\t\t\t\t\t\t\t\t\t<img loading=\"lazy\" decoding=\"async\" width=\"400\" height=\"632\" src=\"https:\/\/runeseikou.com\/wp-content\/uploads\/2022\/07\/574.png\" class=\"attachment-large size-large wp-image-7312\" alt=\"\" srcset=\"https:\/\/runeseikou.com\/wp-content\/uploads\/2022\/07\/574.png 400w, https:\/\/runeseikou.com\/wp-content\/uploads\/2022\/07\/574-190x300.png 190w\" sizes=\"auto, 100vw\" \/>\t\t\t\t\t\t\t\t\t\t\t\t\t\t\t<\/div>\n\t\t\t\t<\/div>\n\t\t\t\t<div class=\"elementor-element elementor-element-9c24f4d elementor-widget elementor-widget-image-gallery\" data-id=\"9c24f4d\" data-element_type=\"widget\" data-widget_type=\"image-gallery.default\">\n\t\t\t\t<div class=\"elementor-widget-container\">\n\t\t\t\t\t<div class=\"elementor-image-gallery\">\n\t\t\t<div id='gallery-1' class='gallery galleryid-1225 gallery-columns-4 gallery-size-full'><figure class='gallery-item'>\n\t\t\t<div class='gallery-icon portrait'>\n\t\t\t\t<a data-elementor-open-lightbox=\"yes\" data-elementor-lightbox-slideshow=\"9c24f4d\" data-elementor-lightbox-title=\"roc_detail_64or\" data-e-action-hash=\"#elementor-action%3Aaction%3Dlightbox%26settings%3DeyJpZCI6MTIyMCwidXJsIjoiaHR0cHM6XC9cL3J1bmVzZWlrb3UuY29tXC93cC1jb250ZW50XC91cGxvYWRzXC8yMDIwXC8wMlwvcm9jX2RldGFpbF82NG9yLmpwZyIsInNsaWRlc2hvdyI6IjljMjRmNGQifQ%3D%3D\" href='https:\/\/runeseikou.com\/wp-content\/uploads\/2020\/02\/roc_detail_64or.jpg'><img loading=\"lazy\" decoding=\"async\" width=\"559\" height=\"1000\" src=\"https:\/\/runeseikou.com\/wp-content\/uploads\/2020\/02\/roc_detail_64or.jpg\" class=\"attachment-full size-full\" alt=\"\" srcset=\"https:\/\/runeseikou.com\/wp-content\/uploads\/2020\/02\/roc_detail_64or.jpg 559w, https:\/\/runeseikou.com\/wp-content\/uploads\/2020\/02\/roc_detail_64or-168x300.jpg 168w, https:\/\/runeseikou.com\/wp-content\/uploads\/2020\/02\/roc_detail_64or-13x24.jpg 13w, https:\/\/runeseikou.com\/wp-content\/uploads\/2020\/02\/roc_detail_64or-20x36.jpg 20w, https:\/\/runeseikou.com\/wp-content\/uploads\/2020\/02\/roc_detail_64or-27x48.jpg 27w\" sizes=\"auto, 100vw\" \/><\/a>\n\t\t\t<\/div><\/figure><figure class='gallery-item'>\n\t\t\t<div class='gallery-icon portrait'>\n\t\t\t\t<a data-elementor-open-lightbox=\"yes\" data-elementor-lightbox-slideshow=\"9c24f4d\" data-elementor-lightbox-title=\"roc_detail_64gr\" data-e-action-hash=\"#elementor-action%3Aaction%3Dlightbox%26settings%3DeyJpZCI6MTIxOSwidXJsIjoiaHR0cHM6XC9cL3J1bmVzZWlrb3UuY29tXC93cC1jb250ZW50XC91cGxvYWRzXC8yMDIwXC8wMlwvcm9jX2RldGFpbF82NGdyLmpwZyIsInNsaWRlc2hvdyI6IjljMjRmNGQifQ%3D%3D\" href='https:\/\/runeseikou.com\/wp-content\/uploads\/2020\/02\/roc_detail_64gr.jpg'><img loading=\"lazy\" decoding=\"async\" width=\"559\" height=\"1000\" src=\"https:\/\/runeseikou.com\/wp-content\/uploads\/2020\/02\/roc_detail_64gr.jpg\" class=\"attachment-full size-full\" alt=\"\" srcset=\"https:\/\/runeseikou.com\/wp-content\/uploads\/2020\/02\/roc_detail_64gr.jpg 559w, https:\/\/runeseikou.com\/wp-content\/uploads\/2020\/02\/roc_detail_64gr-168x300.jpg 168w, https:\/\/runeseikou.com\/wp-content\/uploads\/2020\/02\/roc_detail_64gr-13x24.jpg 13w, https:\/\/runeseikou.com\/wp-content\/uploads\/2020\/02\/roc_detail_64gr-20x36.jpg 20w, https:\/\/runeseikou.com\/wp-content\/uploads\/2020\/02\/roc_detail_64gr-27x48.jpg 27w\" sizes=\"auto, 100vw\" \/><\/a>\n\t\t\t<\/div><\/figure><figure class='gallery-item'>\n\t\t\t<div class='gallery-icon portrait'>\n\t\t\t\t<a data-elementor-open-lightbox=\"yes\" data-elementor-lightbox-slideshow=\"9c24f4d\" data-elementor-lightbox-title=\"roc_detail_64bk\" data-e-action-hash=\"#elementor-action%3Aaction%3Dlightbox%26settings%3DeyJpZCI6MTIxOCwidXJsIjoiaHR0cHM6XC9cL3J1bmVzZWlrb3UuY29tXC93cC1jb250ZW50XC91cGxvYWRzXC8yMDIwXC8wMlwvcm9jX2RldGFpbF82NGJrLmpwZyIsInNsaWRlc2hvdyI6IjljMjRmNGQifQ%3D%3D\" href='https:\/\/runeseikou.com\/wp-content\/uploads\/2020\/02\/roc_detail_64bk.jpg'><img loading=\"lazy\" decoding=\"async\" width=\"559\" height=\"1000\" src=\"https:\/\/runeseikou.com\/wp-content\/uploads\/2020\/02\/roc_detail_64bk.jpg\" class=\"attachment-full size-full\" alt=\"\" srcset=\"https:\/\/runeseikou.com\/wp-content\/uploads\/2020\/02\/roc_detail_64bk.jpg 559w, https:\/\/runeseikou.com\/wp-content\/uploads\/2020\/02\/roc_detail_64bk-168x300.jpg 168w, https:\/\/runeseikou.com\/wp-content\/uploads\/2020\/02\/roc_detail_64bk-13x24.jpg 13w, https:\/\/runeseikou.com\/wp-content\/uploads\/2020\/02\/roc_detail_64bk-20x36.jpg 20w, https:\/\/runeseikou.com\/wp-content\/uploads\/2020\/02\/roc_detail_64bk-27x48.jpg 27w\" sizes=\"auto, 100vw\" \/><\/a>\n\t\t\t<\/div><\/figure><figure class='gallery-item'>\n\t\t\t<div class='gallery-icon landscape'>\n\t\t\t\t<a data-elementor-open-lightbox=\"yes\" data-elementor-lightbox-slideshow=\"9c24f4d\" data-elementor-lightbox-title=\"roc65size\" data-e-action-hash=\"#elementor-action%3Aaction%3Dlightbox%26settings%3DeyJpZCI6MTIyNywidXJsIjoiaHR0cHM6XC9cL3J1bmVzZWlrb3UuY29tXC93cC1jb250ZW50XC91cGxvYWRzXC8yMDIwXC8wMlwvcm9jNjVzaXplLmpwZyIsInNsaWRlc2hvdyI6IjljMjRmNGQifQ%3D%3D\" href='https:\/\/runeseikou.com\/wp-content\/uploads\/2020\/02\/roc65size.jpg'><img loading=\"lazy\" decoding=\"async\" width=\"1132\" height=\"839\" src=\"https:\/\/runeseikou.com\/wp-content\/uploads\/2020\/02\/roc65size.jpg\" class=\"attachment-full size-full\" alt=\"\" srcset=\"https:\/\/runeseikou.com\/wp-content\/uploads\/2020\/02\/roc65size.jpg 1132w, https:\/\/runeseikou.com\/wp-content\/uploads\/2020\/02\/roc65size-300x222.jpg 300w, https:\/\/runeseikou.com\/wp-content\/uploads\/2020\/02\/roc65size-768x569.jpg 768w, https:\/\/runeseikou.com\/wp-content\/uploads\/2020\/02\/roc65size-1024x759.jpg 1024w, https:\/\/runeseikou.com\/wp-content\/uploads\/2020\/02\/roc65size-24x18.jpg 24w, https:\/\/runeseikou.com\/wp-content\/uploads\/2020\/02\/roc65size-36x27.jpg 36w, https:\/\/runeseikou.com\/wp-content\/uploads\/2020\/02\/roc65size-48x36.jpg 48w\" sizes=\"auto, 100vw\" \/><\/a>\n\t\t\t<\/div><\/figure>\n\t\t<\/div>\n\t\t<\/div>\n\t\t\t\t<\/div>\n\t\t\t\t<\/div>\n\t\t\t\t<div class=\"elementor-element elementor-element-d29ec00 elementor-widget elementor-widget-spacer\" data-id=\"d29ec00\" data-element_type=\"widget\" data-widget_type=\"spacer.default\">\n\t\t\t\t<div class=\"elementor-widget-container\">\n\t\t\t\t\t<div class=\"elementor-spacer\">\n\t\t\t<div class=\"elementor-spacer-inner\"><\/div>\n\t\t<\/div>\n\t\t\t\t<\/div>\n\t\t\t\t<\/div>\n\t\t\t\t\t<\/div>\n\t\t<\/div>\n\t\t\t\t<div class=\"elementor-column elementor-col-50 elementor-inner-column elementor-element elementor-element-1b8367a\" data-id=\"1b8367a\" data-element_type=\"column\">\n\t\t\t<div class=\"elementor-widget-wrap elementor-element-populated\">\n\t\t\t\t\t\t\t\t<div class=\"elementor-element elementor-element-51f024f elementor-widget elementor-widget-heading\" data-id=\"51f024f\" data-element_type=\"widget\" data-widget_type=\"heading.default\">\n\t\t\t\t<div class=\"elementor-widget-container\">\n\t\t\t<h2 class=\"elementor-heading-title elementor-size-default\">ROC-65W\u30e9\u30a6\u30f3\u30c9\u30af\u30c3\u30b7\u30e7\u30f3\u30c1\u30a7\u30a2\u30cf\u30a4<\/h2>\t\t<\/div>\n\t\t\t\t<\/div>\n\t\t\t\t<div class=\"elementor-element elementor-element-c94f904 elementor-widget elementor-widget-spacer\" data-id=\"c94f904\" data-element_type=\"widget\" data-widget_type=\"spacer.default\">\n\t\t\t\t<div class=\"elementor-widget-container\">\n\t\t\t\t\t<div class=\"elementor-spacer\">\n\t\t\t<div class=\"elementor-spacer-inner\"><\/div>\n\t\t<\/div>\n\t\t\t\t<\/div>\n\t\t\t\t<\/div>\n\t\t\t\t<div class=\"elementor-element elementor-element-d81bba4 elementor-widget elementor-widget-text-editor\" data-id=\"d81bba4\" data-element_type=\"widget\" data-widget_type=\"text-editor.default\">\n\t\t\t\t<div class=\"elementor-widget-container\">\n\t\t\t\t\t\t\t\u30dc\u30ea\u30e5\u30fc\u30e0\u306e\u3042\u308b\u30d5\u30a1\u30d6\u30ea\u30c3\u30af\u30af\u30c3\u30b7\u30e7\u30f3\u30b7\u30fc\u30c8\u306e\u30aa\u30ea\u30bf\u30bf\u30df\u30a4\u30b9\u3002<div class=\"item_spec\">\n<ul>\n \t<li>JAN\u30b3\u30fc\u30c9\uff1a\u30d6\u30e9\u30c3\u30af:4901749245027<ul>\n\u30aa\u30ec\u30f3\u30b8:4901749245058<ul>\n\u30b0\u30ea\u30fc\u30f3:4901749245072<\/li>\n \t<li>\u30b5\u30a4\u30ba\uff1aW360\u00d7D460\u00d7H930\u00d7SH660<\/li>\n \t<li>\u6298\u308a\u305f\u305f\u307f\u6642\uff1aW330\u00d7D120\u00d7H1030<\/li>\n \t<li>\u7d20\u6750\uff1a\u5ea7\u9762\uff1a\u30dd\u30ea\u30a8\u30b9\u30c6\u30eb\u3000\u30d5\u30ec\u30fc\u30e0\uff1a\u30b9\u30c1\u30fc\u30eb\u30d1\u30a4\u30d7<\/li>\n \t<li>\u91cd\u91cf\uff1a3.2kg<\/li>\n \t<li>\u5165\u6570\uff1a\uff11\u30b1\u30fc\u30b94\u53f0\u5165\u308a\u3000\u203b\u3054\u767a\u6ce8\u5358\u4f4d\u306f1\u53f0\u305a\u3064\u3068\u306a\u308a\u307e\u3059\u3002<\/li>\n \t<li>\u305d\u306e\u4ed6\uff1a\u5b8c\u6210\u54c1\u3000\u65e5\u672c\u88fd<\/li>\n \t<li class=\"item_delivery\">\u3054\u767a\u6ce8\u3088\u308a1\u9031\u9593\u4ee5\u5185\u306b\u767a\u9001\u3002<\/li>\n<\/ul>\n<\/div>\t\t\t\t\t\t<\/div>\n\t\t\t\t<\/div>\n\t\t\t\t<div class=\"elementor-element elementor-element-194572e elementor-widget elementor-widget-html\" data-id=\"194572e\" data-element_type=\"widget\" data-widget_type=\"html.default\">\n\t\t\t\t<div class=\"elementor-widget-container\">\n\t\t\t<script type=\"text\/javascript\" charset=\"utf-8\">es_item_id=962;es_shop_id=230;es_settings={'encode':'sjis','kago_ssl_type':''}<\/script><script type=\"text\/javascript\" charset=\"utf-8\" src=\"\/\/js2.ec-sites.jp\/syncro.js\"><\/script><noscript><img decoding=\"async\" src=\"https:\/\/imagelib.ec-sites.net\/kago\/json.gif\" \/><\/noscript>\n\t\t<\/div>\n\t\t\t\t<\/div>\n\t\t\t\t<div class=\"elementor-element elementor-element-964937a elementor-widget elementor-widget-html\" data-id=\"964937a\" data-element_type=\"widget\" data-widget_type=\"html.default\">\n\t\t\t\t<div class=\"elementor-widget-container\">\n\t\t\t<b>\uff0a\u9001\u6599\u306b\u3064\u3044\u3066<\/b><br>\u672c\u5dde\u30fb\u56db\u56fd\u30fb\u4e5d\u5dde\u3078\u306e\u9001\u6599\u306f\u7121\u6599\u3067\u3059\u304c\u3001\u9001\u4ed8\u5148\u304c\u5317\u6d77\u9053\u306e\u5834\u54081000\u5186\u3001\u6c96\u7e04\u306e\u5834\u54082500\u5186\u3001\u96e2\u5cf6\u306e\u5834\u5408\u5b9f\u8cbb\u9001\u6599\u304c\u767a\u751f\u3044\u305f\u3057\u307e\u3059\u3002\t\t<\/div>\n\t\t\t\t<\/div>\n\t\t\t\t<div class=\"elementor-element elementor-element-643b613 elementor-widget elementor-widget-text-editor\" data-id=\"643b613\" data-element_type=\"widget\" data-widget_type=\"text-editor.default\">\n\t\t\t\t<div class=\"elementor-widget-container\">\n\t\t\t\t\t\t\t<a href=\"https:\/\/runeseikou.com\/?page_id=7110\" target=\"_blank\" rel=\"noreferrer noopener\">\u3053\u306e\u5546\u54c1\u306b\u3064\u3044\u3066\u304a\u554f\u3044\u5408\u308f\u305b<\/a>\n<ul>\n \t<li><a href=\"https:\/\/runeseikou.com\/?page_id=467\/\" target=\"_blank\" rel=\"noreferrer noopener\">\u306f\u3058\u3081\u3066\u306e\u304a\u5ba2\u69d8\u3078\u3002\u304a\u652f\u6255\u65b9\u6cd5\u306b\u3064\u3044\u3066<\/a><\/li>\n \t<li><a href=\"https:\/\/runeseikou.com\/?page_id=2494\" target=\"_blank\" rel=\"noreferrer noopener\">\u8fd4\u54c1\u30fb\u4fdd\u8a3c\u306b\u3064\u3044\u3066<\/a><\/li>\n<\/ul>\t\t\t\t\t\t<\/div>\n\t\t\t\t<\/div>\n\t\t\t\t\t<\/div>\n\t\t<\/div>\n\t\t\t\t\t\t\t<\/div>\n\t\t<\/section>\n\t\t\t\t<div class=\"elementor-element elementor-element-6312b46 elementor-widget elementor-widget-image\" data-id=\"6312b46\" data-element_type=\"widget\" data-widget_type=\"image.default\">\n\t\t\t\t<div class=\"elementor-widget-container\">\n\t\t\t\t\t\t\t\t\t\t\t\t\t\t\t<img loading=\"lazy\" decoding=\"async\" width=\"1203\" height=\"653\" src=\"https:\/\/runeseikou.com\/wp-content\/uploads\/2020\/02\/roc_detail_001.jpg\" class=\"attachment-full size-full wp-image-1214\" alt=\"\" srcset=\"https:\/\/runeseikou.com\/wp-content\/uploads\/2020\/02\/roc_detail_001.jpg 1203w, https:\/\/runeseikou.com\/wp-content\/uploads\/2020\/02\/roc_detail_001-300x163.jpg 300w, https:\/\/runeseikou.com\/wp-content\/uploads\/2020\/02\/roc_detail_001-768x417.jpg 768w, https:\/\/runeseikou.com\/wp-content\/uploads\/2020\/02\/roc_detail_001-1024x556.jpg 1024w, https:\/\/runeseikou.com\/wp-content\/uploads\/2020\/02\/roc_detail_001-24x13.jpg 24w, https:\/\/runeseikou.com\/wp-content\/uploads\/2020\/02\/roc_detail_001-36x20.jpg 36w, https:\/\/runeseikou.com\/wp-content\/uploads\/2020\/02\/roc_detail_001-48x26.jpg 48w\" sizes=\"auto, 100vw\" \/>\t\t\t\t\t\t\t\t\t\t\t\t\t\t\t<\/div>\n\t\t\t\t<\/div>\n\t\t\t\t\t<\/div>\n\t\t<\/div>\n\t\t\t\t\t\t\t<\/div>\n\t\t<\/section>\n\t\t\t\t\t\t\t<\/div>\n\t\t","protected":false},"excerpt":{"rendered":"<p>ROC-65W\u30e9\u30a6\u30f3\u30c9\u30af\u30c3\u30b7\u30e7\u30f3\u30c1\u30a7\u30a2\u30cf\u30a4 \u30dc\u30ea\u30e5\u30fc\u30e0\u306e\u3042\u308b\u30d5\u30a1\u30d6\u30ea\u30c3\u30af\u30af\u30c3\u30b7\u30e7\u30f3\u30b7\u30fc\u30c8\u306e\u30aa\u30ea\u30bf\u30bf\u30df\u30a4\u30b9\u3002 JAN\u30b3\u30fc\u30c9\uff1a\u30d6\u30e9\u30c3\u30af:4901749245027 \u30aa\u30ec\u30f3\u30b8:4901749245058 \u30b0\u30ea\u30fc\u30f3:490174 &hellip; <\/p>\n<p class=\"link-more\"><a href=\"https:\/\/runeseikou.com\/?page_id=1225\" class=\"more-link\"><span class=\"screen-reader-text\">&#8220;ROC-65W\u30e9\u30a6\u30f3\u30c9\u30af\u30c3\u30b7\u30e7\u30f3\u30cf\u30a4&#8221; \u306e<\/span>\u7d9a\u304d\u3092\u8aad\u3080<\/a><\/p>\n","protected":false},"author":1,"featured_media":2428,"parent":2262,"menu_order":0,"comment_status":"closed","ping_status":"closed","template":"","meta":{"footnotes":""},"categories":[24],"tags":[31],"class_list":["post-1225","page","type-page","status-publish","has-post-thumbnail","hentry","category-24","tag-31"],"rttpg_featured_image_url":{"full":["https:\/\/runeseikou.com\/wp-content\/uploads\/2020\/03\/ROC-64A-OR.jpg",500,500,false],"landscape":["https:\/\/runeseikou.com\/wp-content\/uploads\/2020\/03\/ROC-64A-OR.jpg",500,500,false],"portraits":["https:\/\/runeseikou.com\/wp-content\/uploads\/2020\/03\/ROC-64A-OR.jpg",500,500,false],"thumbnail":["https:\/\/runeseikou.com\/wp-content\/uploads\/2020\/03\/ROC-64A-OR-150x150.jpg",150,150,true],"medium":["https:\/\/runeseikou.com\/wp-content\/uploads\/2020\/03\/ROC-64A-OR-300x300.jpg",300,300,true],"large":["https:\/\/runeseikou.com\/wp-content\/uploads\/2020\/03\/ROC-64A-OR.jpg",500,500,false],"1536x1536":["https:\/\/runeseikou.com\/wp-content\/uploads\/2020\/03\/ROC-64A-OR.jpg",500,500,false],"2048x2048":["https:\/\/runeseikou.com\/wp-content\/uploads\/2020\/03\/ROC-64A-OR.jpg",500,500,false],"twentyseventeen-featured-image":["https:\/\/runeseikou.com\/wp-content\/uploads\/2020\/03\/ROC-64A-OR.jpg",500,500,false],"twentyseventeen-thumbnail-avatar":["https:\/\/runeseikou.com\/wp-content\/uploads\/2020\/03\/ROC-64A-OR-100x100.jpg",100,100,true]},"rttpg_author":{"display_name":"wpmaster","author_link":"https:\/\/runeseikou.com\/?author=1"},"rttpg_comment":0,"rttpg_category":" <a href=\"https:\/\/runeseikou.com\/?cat=24\" rel=\"tag\">\u30d5\u30a9\u30fc\u30eb\u30c7\u30a3\u30f3\u30b0\u30c1\u30a7\u30a2\u30cf\u30a4\u30bf\u30a4\u30d7<\/a>","rttpg_excerpt":"ROC-65W\u30e9\u30a6\u30f3\u30c9\u30af\u30c3\u30b7\u30e7\u30f3\u30c1\u30a7\u30a2\u30cf\u30a4 \u30dc\u30ea\u30e5\u30fc\u30e0\u306e\u3042\u308b\u30d5\u30a1\u30d6\u30ea\u30c3\u30af\u30af\u30c3\u30b7\u30e7\u30f3\u30b7\u30fc\u30c8\u306e\u30aa\u30ea\u30bf\u30bf\u30df\u30a4\u30b9\u3002 J&hellip;","_links":{"self":[{"href":"https:\/\/runeseikou.com\/index.php?rest_route=\/wp\/v2\/pages\/1225","targetHints":{"allow":["GET"]}}],"collection":[{"href":"https:\/\/runeseikou.com\/index.php?rest_route=\/wp\/v2\/pages"}],"about":[{"href":"https:\/\/runeseikou.com\/index.php?rest_route=\/wp\/v2\/types\/page"}],"author":[{"embeddable":true,"href":"https:\/\/runeseikou.com\/index.php?rest_route=\/wp\/v2\/users\/1"}],"replies":[{"embeddable":true,"href":"https:\/\/runeseikou.com\/index.php?rest_route=%2Fwp%2Fv2%2Fcomments&post=1225"}],"version-history":[{"count":11,"href":"https:\/\/runeseikou.com\/index.php?rest_route=\/wp\/v2\/pages\/1225\/revisions"}],"predecessor-version":[{"id":15553,"href":"https:\/\/runeseikou.com\/index.php?rest_route=\/wp\/v2\/pages\/1225\/revisions\/15553"}],"up":[{"embeddable":true,"href":"https:\/\/runeseikou.com\/index.php?rest_route=\/wp\/v2\/pages\/2262"}],"wp:featuredmedia":[{"embeddable":true,"href":"https:\/\/runeseikou.com\/index.php?rest_route=\/wp\/v2\/media\/2428"}],"wp:attachment":[{"href":"https:\/\/runeseikou.com\/index.php?rest_route=%2Fwp%2Fv2%2Fmedia&parent=1225"}],"wp:term":[{"taxonomy":"category","embeddable":true,"href":"https:\/\/runeseikou.com\/index.php?rest_route=%2Fwp%2Fv2%2Fcategories&post=1225"},{"taxonomy":"post_tag","embeddable":true,"href":"https:\/\/runeseikou.com\/index.php?rest_route=%2Fwp%2Fv2%2Ftags&post=1225"}],"curies":[{"name":"wp","href":"https:\/\/api.w.org\/{rel}","templated":true}]}}